{"id":8,"date":"2022-08-22T14:50:14","date_gmt":"2022-08-22T12:50:14","guid":{"rendered":"http:\/\/taekwondo-ida.fr\/?page_id=8"},"modified":"2025-04-21T10:16:34","modified_gmt":"2025-04-21T08:16:34","slug":"accueil","status":"publish","type":"page","link":"https:\/\/taekwondo-ida.fr\/","title":{"rendered":""},"content":{"rendered":"\n<figure class=\"wp-block-image aligncenter size-large is-resized\"><a href=\"https:\/\/www.facebook.com\/tkdlisledabeau\" target=\"_blank\" rel=\"noreferrer noopener\"><img loading=\"lazy\" decoding=\"async\" width=\"1024\" height=\"146\" src=\"http:\/\/taekwondo-ida.fr\/wp-content\/uploads\/2024\/07\/banniere-RS-site-1024x146.png\" alt=\"\" class=\"wp-image-852\" style=\"width:736px;height:auto\" srcset=\"https:\/\/taekwondo-ida.fr\/wp-content\/uploads\/2024\/07\/banniere-RS-site-1024x146.png 1024w, https:\/\/taekwondo-ida.fr\/wp-content\/uploads\/2024\/07\/banniere-RS-site-300x43.png 300w, https:\/\/taekwondo-ida.fr\/wp-content\/uploads\/2024\/07\/banniere-RS-site-2000x286.png 2000w\" sizes=\"auto, (max-width: 1024px) 100vw, 1024px\" \/><\/a><\/figure>\n\n\n\n<p class=\"has-text-align-center\"><strong><mark style=\"background-color:rgba(0, 0, 0, 0);color:#b30057\" class=\"has-inline-color\">POURQUOI REJOINDRE LE TAEKWONDO ISLE D&rsquo;ABEAU ?<\/mark><\/strong><\/p>\n\n\n\n<p class=\"has-text-align-center\">Art martial d&rsquo;origine sud-cor\u00e9enne, le Taekwondo v\u00e9hicule des valeurs de ma\u00eetrise de soi, de respect. Nous nous effor\u00e7ons d&rsquo;inculquer ces principes \u00e0 nos \u00e9l\u00e8ves afin de leur donner une force d&rsquo;\u00e9panouissement et de cultiver un esprit ouvert.<\/p>\n\n\n\n<div class=\"wp-block-cover has-custom-content-position is-position-top-left\" style=\"padding-top:var(--wp--preset--spacing--small);padding-right:var(--wp--preset--spacing--x-small);padding-bottom:var(--wp--preset--spacing--small);padding-left:var(--wp--preset--spacing--x-small);min-height:323px;aspect-ratio:unset;\"><img decoding=\"async\" class=\"wp-block-cover__image-background wp-image-1025 size-full\" alt=\"\" src=\"http:\/\/taekwondo-ida.fr\/wp-content\/uploads\/2025\/04\/IMG_9839.heic\" data-object-fit=\"cover\"\/><span aria-hidden=\"true\" class=\"wp-block-cover__background has-primary-background-color has-background-dim-70 has-background-dim\"><\/span><div class=\"wp-block-cover__inner-container is-layout-flow wp-block-cover-is-layout-flow\">\n<h6 class=\"wp-block-heading has-text-align-left has-white-color has-text-color has-medium-font-size\" style=\"margin-top:0;margin-right:0;margin-bottom:0;margin-left:0\"><strong><mark style=\"background-color:rgba(0, 0, 0, 0)\" class=\"has-inline-color has-white-color\">GRADES, DIPLOMES &amp; EXPERIENCE !<\/mark><\/strong><\/h6>\n\n\n\n<p><\/p>\n\n\n\n<p class=\"has-text-align-left\"><strong><mark style=\"background-color:rgba(0, 0, 0, 0)\" class=\"has-inline-color has-white-color\"><em>Nos entra\u00eeneurs sont toutes et tous dipl\u00f4m\u00e9(e)s et grad\u00e9(e)s. <\/em><\/mark><\/strong><\/p>\n\n\n\n<p class=\"has-text-align-left\"><strong><mark style=\"background-color:rgba(0, 0, 0, 0)\" class=\"has-inline-color has-white-color\"><em>Ils fusionnent leurs exp\u00e9riences personnelles du haut niveau pour apporter un maximum d&rsquo;outils \u00e0 nos \u00e9l\u00e8ves.<\/em><\/mark><\/strong><\/p>\n<\/div><\/div>\n\n\n\n<div class=\"wp-block-columns is-layout-flex wp-container-core-columns-is-layout-28f84493 wp-block-columns-is-layout-flex\">\n<div class=\"wp-block-column is-layout-flow wp-block-column-is-layout-flow\"><\/div>\n<\/div>\n\n\n<div class=\"aligncenter wp-block-site-logo\"><a href=\"https:\/\/taekwondo-ida.fr\/\" class=\"custom-logo-link\" rel=\"home\"><img loading=\"lazy\" decoding=\"async\" width=\"81\" height=\"81\" src=\"https:\/\/taekwondo-ida.fr\/wp-content\/uploads\/2025\/07\/cropped-cropped-TKDIDASITE-1.png\" class=\"custom-logo\" alt=\"Taekwondo l&#039;Isle d&#039;Abeau\" srcset=\"https:\/\/taekwondo-ida.fr\/wp-content\/uploads\/2025\/07\/cropped-cropped-TKDIDASITE-1.png 512w, https:\/\/taekwondo-ida.fr\/wp-content\/uploads\/2025\/07\/cropped-cropped-TKDIDASITE-1-300x300.png 300w, https:\/\/taekwondo-ida.fr\/wp-content\/uploads\/2025\/07\/cropped-cropped-TKDIDASITE-1-150x150.png 150w\" sizes=\"auto, 100vw\" \/><\/a><\/div>\n\n\n<div class=\"wp-block-columns is-layout-flex wp-container-core-columns-is-layout-28f84493 wp-block-columns-is-layout-flex\">\n<div class=\"wp-block-column is-layout-flow wp-block-column-is-layout-flow\">\n<p class=\"has-text-align-center\"><strong><mark style=\"background-color:rgba(0, 0, 0, 0);color:#b30057\" class=\"has-inline-color\">COURS D&rsquo;ESSAI GRATUIT TOUTE L&rsquo;ANN\u00c9E !<\/mark><\/strong><\/p>\n\n\n\n<p><\/p>\n\n\n\n<p class=\"has-text-align-center\">Avant de r\u00e9aliser une adh\u00e9sion, nous vous proposons de participer gratuitement \u00e0 un cours d\u2019essai (sans obligation d\u2019adh\u00e9sion). Rien de plus simple, r\u00e9servez votre cr\u00e9neau et venez d\u00e9couvrir le taekwondo \u00e0 l&rsquo;Isle d&rsquo;Abeau ! <\/p>\n\n\n\n<p class=\"has-text-align-center\"><em>*(seuls une tenue de sport type tee-shirt et bas de surv\u00eatement &amp; une bouteille d\u2019eau sont n\u00e9cessaires pour participer \u00e0 un cours d\u2019essai)<\/em><\/p>\n\n\n\n<p class=\"has-text-align-center\"><em>* Les mineurs doivent \u00eatre accompagn\u00e9s d\u2019un parent.<\/em><\/p>\n<\/div>\n\n\n\n<div class=\"wp-block-column is-layout-flow wp-block-column-is-layout-flow\">\n<figure class=\"wp-block-image alignright size-full is-resized\"><img decoding=\"async\" src=\"http:\/\/taekwondo-ida.fr\/wp-content\/uploads\/2025\/04\/IMG_9845.heic\" alt=\"\" class=\"wp-image-1029\" style=\"width:498px;height:auto\"\/><\/figure>\n<\/div>\n<\/div>\n\n\n\n<figure class=\"wp-block-image aligncenter size-large is-resized\"><a href=\"https:\/\/www.facebook.com\/tkdlisledabeau\" target=\"_blank\" rel=\"noreferrer noopener\"><img loading=\"lazy\" decoding=\"async\" width=\"1024\" height=\"146\" src=\"http:\/\/taekwondo-ida.fr\/wp-content\/uploads\/2024\/07\/banniere-RS-site-1024x146.png\" alt=\"\" class=\"wp-image-852\" style=\"width:696px;height:auto\" srcset=\"https:\/\/taekwondo-ida.fr\/wp-content\/uploads\/2024\/07\/banniere-RS-site-1024x146.png 1024w, https:\/\/taekwondo-ida.fr\/wp-content\/uploads\/2024\/07\/banniere-RS-site-300x43.png 300w, https:\/\/taekwondo-ida.fr\/wp-content\/uploads\/2024\/07\/banniere-RS-site-2000x286.png 2000w\" sizes=\"auto, (max-width: 1024px) 100vw, 1024px\" \/><\/a><\/figure>\n\n\n\n<div class=\"wp-block-cover alignfull has-parallax is-position-center-center wp-duotone-unset-1\" style=\"border-radius:0px;min-height:319px;aspect-ratio:unset;\"><div class=\"wp-block-cover__image-background wp-image-714 has-parallax\" style=\"background-position:50% 50%;background-image:url(http:\/\/taekwondo-ida.fr\/wp-content\/uploads\/2024\/06\/vue-isle-d-abeau.jpg)\"><\/div><span aria-hidden=\"true\" class=\"wp-block-cover__background has-black-background-color has-background-dim-40 has-background-dim\"><\/span><div class=\"wp-block-cover__inner-container is-layout-flow wp-block-cover-is-layout-flow\">\n<div class=\"wp-block-group has-global-padding is-layout-constrained wp-block-group-is-layout-constrained\">\n<h3 class=\"wp-block-heading has-text-align-center has-text-color has-medium-font-size\" style=\"color:#fffffa;text-transform:uppercase\">TAEKWONDO IDA REMERCIE LA VILLE DE L&rsquo;ISLE D&rsquo;ABEAU POUR SA CONFIANCE !<\/h3>\n\n\n\n<p class=\"has-text-align-center has-white-color has-text-color\"><\/p>\n\n\n\n<div style=\"height:31px\" aria-hidden=\"true\" class=\"wp-block-spacer\"><\/div>\n\n\n\n<div class=\"wp-block-buttons is-horizontal is-content-justification-center is-layout-flex wp-container-core-buttons-is-layout-03627597 wp-block-buttons-is-layout-flex\">\n<div class=\"wp-block-button is-style-fill\"><a class=\"wp-block-button__link has-white-color has-text-color wp-element-button\" href=\"https:\/\/www.mairie-ida.fr\/\" style=\"border-radius:0px\" target=\"_blank\" rel=\"noreferrer noopener\">D\u00e9couvrez notre ville !<\/a><\/div>\n<\/div>\n<\/div>\n<\/div><\/div>\n\n\n\n<p><\/p>\n\n\n\n<p class=\"has-text-align-center\"><strong><mark style=\"background-color:rgba(0, 0, 0, 0);color:#b30057\" class=\"has-inline-color\"><a href=\"http:\/\/taekwondo-ida.fr\/index.php\/blog\/\" data-type=\"page\" data-id=\"11\">ACTUALITE DU CLUB !<\/a><\/mark><\/strong><\/p>\n\n\n\n<div class=\"wp-block-query is-layout-flow wp-block-query-is-layout-flow\"><ul class=\"columns-3 wp-block-post-template is-layout-grid wp-container-core-post-template-is-layout-6aac66c0 wp-block-post-template-is-layout-grid\"><li class=\"wp-block-post post-1048 post type-post status-publish format-standard hentry category-non-classe\">\n\n\n<div style=\"margin-top:0;margin-bottom:0;\" class=\"has-link-color wp-elements-a1817b6b9e4eaefd5826fde68b0a8fdb wp-block-post-date has-text-color has-tertiary-color\"><time datetime=\"2025-04-29T15:52:11+02:00\">29 avril 2025<\/time><\/div>\n\n<h3 style=\"margin-top:0;margin-bottom:var(--wp--preset--spacing--x-small);\" class=\"has-link-color wp-elements-2e75b4e4fab489cf445e03eda13279d1 wp-block-post-title\"><a href=\"https:\/\/taekwondo-ida.fr\/index.php\/2025\/04\/29\/le-taekwondo-de-lisle-dabeau-brille-au-championnat-de-france-cadets-juniors-2\/\" target=\"_self\" >\ud83e\udd4b Le Taekwondo de L\u2019Isle d\u2019Abeau brille au Championnat de France Cadets &amp; Juniors !<\/a><\/h3>\n\n<div class=\"has-link-color wp-elements-61eeeb1d6c31f3761cb8bc35b6e1a095 wp-block-post-excerpt has-text-color has-tertiary-color\"><p class=\"wp-block-post-excerpt__excerpt\">Ce week-end des 26 et 27 avril, le club de&nbsp;Taekwondo de L\u2019Isle d\u2019Abeau&nbsp;a particip\u00e9 avec fiert\u00e9 au&nbsp;Championnat de France Cadets &amp; Juniors, \u00e0 Chartres. Nos jeunes combattants ont su porter haut les couleurs du club en livrant de\u2026 <\/p><\/div>\n\n<a style=\"text-transform:uppercase; border-width:2px; padding-right:var(--wp--preset--spacing--x-small);padding-left:var(--wp--preset--spacing--x-small);padding-top:10px;padding-bottom:10px;\" class=\"wp-block-read-more has-text-color has-foreground-color\" href=\"https:\/\/taekwondo-ida.fr\/index.php\/2025\/04\/29\/le-taekwondo-de-lisle-dabeau-brille-au-championnat-de-france-cadets-juniors-2\/\" target=\"_self\">Lire la suite<span class=\"screen-reader-text\">\u00a0: \ud83e\udd4b Le Taekwondo de L\u2019Isle d\u2019Abeau brille au Championnat de France Cadets &amp; Juniors !<\/span><\/a>\n<\/li><li class=\"wp-block-post post-982 post type-post status-publish format-standard hentry category-non-classe\">\n\n\n<div style=\"margin-top:0;margin-bottom:0;\" class=\"has-link-color wp-elements-a1817b6b9e4eaefd5826fde68b0a8fdb wp-block-post-date has-text-color has-tertiary-color\"><time datetime=\"2025-04-21T09:46:28+02:00\">21 avril 2025<\/time><\/div>\n\n<h3 style=\"margin-top:0;margin-bottom:var(--wp--preset--spacing--x-small);\" class=\"has-link-color wp-elements-2e75b4e4fab489cf445e03eda13279d1 wp-block-post-title\"><a href=\"https:\/\/taekwondo-ida.fr\/index.php\/2025\/04\/21\/coupe-de-lisle-dabeau\/\" target=\"_self\" >Coupe de l&rsquo;Isle d&rsquo;Abeau<\/a><\/h3>\n\n<div class=\"has-link-color wp-elements-61eeeb1d6c31f3761cb8bc35b6e1a095 wp-block-post-excerpt has-text-color has-tertiary-color\"><p class=\"wp-block-post-excerpt__excerpt\">Ce dimanche 20 avril, le Taekwondo Isle d&rsquo;Abeau \u00e0 organis\u00e9 et particip\u00e9 \u00e0 la 1\u00e8re \u00e9dition de la Coupe de L&rsquo;Isle d&rsquo;Abeau. Plus de 180 combattantes et combattants de toute la r\u00e9gion Auvergne Rh\u00f4ne-Alpes ont fait le d\u00e9placement\u2026 <\/p><\/div>\n\n<a style=\"text-transform:uppercase; border-width:2px; padding-right:var(--wp--preset--spacing--x-small);padding-left:var(--wp--preset--spacing--x-small);padding-top:10px;padding-bottom:10px;\" class=\"wp-block-read-more has-text-color has-foreground-color\" href=\"https:\/\/taekwondo-ida.fr\/index.php\/2025\/04\/21\/coupe-de-lisle-dabeau\/\" target=\"_self\">Lire la suite<span class=\"screen-reader-text\">\u00a0: Coupe de l&rsquo;Isle d&rsquo;Abeau<\/span><\/a>\n<\/li><li class=\"wp-block-post post-978 post type-post status-publish format-standard hentry category-non-classe\">\n\n\n<div style=\"margin-top:0;margin-bottom:0;\" class=\"has-link-color wp-elements-a1817b6b9e4eaefd5826fde68b0a8fdb wp-block-post-date has-text-color has-tertiary-color\"><time datetime=\"2025-03-07T19:34:40+01:00\">7 mars 2025<\/time><\/div>\n\n<h3 style=\"margin-top:0;margin-bottom:var(--wp--preset--spacing--x-small);\" class=\"has-link-color wp-elements-2e75b4e4fab489cf445e03eda13279d1 wp-block-post-title\"><a href=\"https:\/\/taekwondo-ida.fr\/index.php\/2025\/03\/07\/%f0%9f%87%b3%f0%9f%87%b1-dutch-open\/\" target=\"_self\" >\ud83c\uddf3\ud83c\uddf1 DUTCH OPEN<\/a><\/h3>\n\n<div class=\"has-link-color wp-elements-61eeeb1d6c31f3761cb8bc35b6e1a095 wp-block-post-excerpt has-text-color has-tertiary-color\"><p class=\"wp-block-post-excerpt__excerpt\">Le Taekwondo L&rsquo;Isle-d&rsquo;Abeau envoie ses champions pour repr\u00e9senter fi\u00e8rement le club lors d\u2019un \u00e9v\u00e9nement prestigieux : le Dutch Open 2025 ! Les 8 et 9 mars, cap sur Eindhoven, o\u00f9 nos athl\u00e8tes auront l\u2019opportunit\u00e9 de se confronter aux\u2026 <\/p><\/div>\n\n<a style=\"text-transform:uppercase; border-width:2px; padding-right:var(--wp--preset--spacing--x-small);padding-left:var(--wp--preset--spacing--x-small);padding-top:10px;padding-bottom:10px;\" class=\"wp-block-read-more has-text-color has-foreground-color\" href=\"https:\/\/taekwondo-ida.fr\/index.php\/2025\/03\/07\/%f0%9f%87%b3%f0%9f%87%b1-dutch-open\/\" target=\"_self\">Lire la suite<span class=\"screen-reader-text\">\u00a0: \ud83c\uddf3\ud83c\uddf1 DUTCH OPEN<\/span><\/a>\n<\/li><\/ul>\n\n\n<p><\/p>\n<\/div>\n","protected":false},"excerpt":{"rendered":"<p>POURQUOI REJOINDRE LE TAEKWONDO ISLE D&rsquo;ABEAU ? Art martial d&rsquo;origine sud-cor\u00e9enne, le Taekwondo v\u00e9hicule des valeurs de ma\u00eetrise de soi, de respect. Nous nous effor\u00e7ons d&rsquo;inculquer ces principes \u00e0 nos \u00e9l\u00e8ves afin de leur donner une force d&rsquo;\u00e9panouissement et de cultiver un esprit ouvert. COURS D&rsquo;ESSAI GRATUIT TOUTE L&rsquo;ANN\u00c9E ! Avant de r\u00e9aliser une adh\u00e9sion, &hellip; <\/p>\n<p class=\"link-more\"><a href=\"https:\/\/taekwondo-ida.fr\/\" class=\"more-link\">Lire la suite de<span class=\"screen-reader-text\">\u00ab\u00a0\u00a0\u00bb<\/span><\/a><\/p>\n","protected":false},"author":1,"featured_media":0,"parent":0,"menu_order":0,"comment_status":"closed","ping_status":"closed","template":"","meta":{"footnotes":""},"class_list":["post-8","page","type-page","status-publish","hentry"],"_links":{"self":[{"href":"https:\/\/taekwondo-ida.fr\/index.php\/wp-json\/wp\/v2\/pages\/8","targetHints":{"allow":["GET"]}}],"collection":[{"href":"https:\/\/taekwondo-ida.fr\/index.php\/wp-json\/wp\/v2\/pages"}],"about":[{"href":"https:\/\/taekwondo-ida.fr\/index.php\/wp-json\/wp\/v2\/types\/page"}],"author":[{"embeddable":true,"href":"https:\/\/taekwondo-ida.fr\/index.php\/wp-json\/wp\/v2\/users\/1"}],"replies":[{"embeddable":true,"href":"https:\/\/taekwondo-ida.fr\/index.php\/wp-json\/wp\/v2\/comments?post=8"}],"version-history":[{"count":23,"href":"https:\/\/taekwondo-ida.fr\/index.php\/wp-json\/wp\/v2\/pages\/8\/revisions"}],"predecessor-version":[{"id":1040,"href":"https:\/\/taekwondo-ida.fr\/index.php\/wp-json\/wp\/v2\/pages\/8\/revisions\/1040"}],"wp:attachment":[{"href":"https:\/\/taekwondo-ida.fr\/index.php\/wp-json\/wp\/v2\/media?parent=8"}],"curies":[{"name":"wp","href":"https:\/\/api.w.org\/{rel}","templated":true}]}}