{"id":36,"date":"2022-08-22T15:01:04","date_gmt":"2022-08-22T13:01:04","guid":{"rendered":"http:\/\/taekwondo-ida.fr\/?page_id=36"},"modified":"2025-07-14T17:13:59","modified_gmt":"2025-07-14T15:13:59","slug":"rentree-2022-2023","status":"publish","type":"page","link":"https:\/\/taekwondo-ida.fr\/index.php\/rentree-2022-2023\/","title":{"rendered":"Rentr\u00e9e 2025-2026"},"content":{"rendered":"\n<p><\/p>\n\n\n\n<div class=\"wp-block-columns is-layout-flex wp-container-core-columns-is-layout-28f84493 wp-block-columns-is-layout-flex\">\n<div class=\"wp-block-column is-layout-flow wp-block-column-is-layout-flow\">\n<p class=\"has-text-align-center\"><strong><mark style=\"background-color:#e506b5\" class=\"has-inline-color has-white-color\">NOUVELLE INSCRIPTION (2025-2026)<\/mark><\/strong><\/p>\n\n\n\n<div data-wp-interactive=\"core\/file\" class=\"wp-block-file\"><object data-wp-bind--hidden=\"!state.hasPdfPreview\" hidden class=\"wp-block-file__embed\" data=\"https:\/\/taekwondo-ida.fr\/wp-content\/uploads\/2025\/07\/documents-a-fournir-pour-inscriptions-2023-2024.pdf\" type=\"application\/pdf\" style=\"width:100%;height:200px\" aria-label=\"Contenu embarqu\u00e9 DOCUMENTS \u00c0 FOURNIR.\"><\/object><a id=\"wp-block-file--media-da63a1fc-77a5-4f79-be69-af06582014cb\" href=\"https:\/\/taekwondo-ida.fr\/wp-content\/uploads\/2025\/07\/documents-a-fournir-pour-inscriptions-2023-2024.pdf\">DOCUMENTS \u00c0 FOURNIR<\/a><a href=\"https:\/\/taekwondo-ida.fr\/wp-content\/uploads\/2025\/07\/documents-a-fournir-pour-inscriptions-2023-2024.pdf\" class=\"wp-block-file__button wp-element-button\" download aria-describedby=\"wp-block-file--media-da63a1fc-77a5-4f79-be69-af06582014cb\">T\u00e9l\u00e9charger<\/a><\/div>\n\n\n\n<div data-wp-interactive=\"core\/file\" class=\"wp-block-file\"><object data-wp-bind--hidden=\"!state.hasPdfPreview\" hidden class=\"wp-block-file__embed\" data=\"https:\/\/taekwondo-ida.fr\/wp-content\/uploads\/2025\/07\/Dossier-inscription-2024-2025.pdf\" type=\"application\/pdf\" style=\"width:100%;height:200px\" aria-label=\"Contenu embarqu\u00e9 DOSSIER D&apos;INSCRIPTION.\"><\/object><a id=\"wp-block-file--media-04134d2f-71dd-42b5-b6f0-48e5fcab92d4\" href=\"https:\/\/taekwondo-ida.fr\/wp-content\/uploads\/2025\/07\/Dossier-inscription-2024-2025.pdf\">DOSSIER D&rsquo;INSCRIPTION<\/a><a href=\"https:\/\/taekwondo-ida.fr\/wp-content\/uploads\/2025\/07\/Dossier-inscription-2024-2025.pdf\" class=\"wp-block-file__button wp-element-button\" download aria-describedby=\"wp-block-file--media-04134d2f-71dd-42b5-b6f0-48e5fcab92d4\">T\u00e9l\u00e9charger<\/a><\/div>\n<\/div>\n\n\n\n<div class=\"wp-block-column is-layout-flow wp-block-column-is-layout-flow\">\n<p class=\"has-text-align-center\"><strong><mark style=\"background-color:#e506b5\" class=\"has-inline-color has-white-color\">R\u00c9-INSCRIPTION (2025-2026)<\/mark><\/strong><\/p>\n\n\n\n<p><strong>\ud83d\udce3 Chers adh\u00e9rents, chers parents,<\/strong><\/p>\n\n\n\n<p class=\"has-text-align-center\">Les&nbsp;<strong>r\u00e9inscriptions pour la saison 2025\u20132026<\/strong>&nbsp;sont d\u00e9sormais&nbsp;<strong>ouvertes<\/strong>&nbsp;!<\/p>\n\n\n\n<p>\u2705&nbsp;<strong>Si vous \u00eates d\u00e9j\u00e0 inscrit au club<\/strong>,&nbsp;<strong>pas besoin de remplir un nouveau dossier<\/strong>. Il suffit simplement de nous transmettre les pi\u00e8ces suivantes :<\/p>\n\n\n\n<hr class=\"wp-block-separator has-alpha-channel-opacity\"\/>\n\n\n\n<h3 class=\"wp-block-heading\">\ud83d\uddc2\ufe0f&nbsp;<strong>Pi\u00e8ces \u00e0 fournir pour la r\u00e9inscription :<\/strong><\/h3>\n\n\n\n<ul class=\"wp-block-list\">\n<li>\u2705 Une\u00a0<strong>attestation d\u2019assurance<\/strong>\u00a0valide<\/li>\n\n\n\n<li>\ud83d\udcb3 Un\u00a0<strong>num\u00e9ro de ch\u00e8que associatif<\/strong><br><strong>OU<\/strong>\u00a0un\u00a0<strong>ch\u00e8que de caution de 25\u202f\u20ac<\/strong>\u00a0<em>(uniquement pour les habitants de L\u2019Isle d\u2019Abeau)<\/em><\/li>\n\n\n\n<li>\ud83c\udfc5 L\u2019<strong>imprim\u00e9 Pass\u2019Sport<\/strong>\u00a0(si vous y avez droit \u2013 disponible sur le\u00a0<a>portail du gouvernement<\/a>)<\/li>\n\n\n\n<li>\ud83e\uddd2 Une\u00a0<strong>photocopie de la carte Tattoo<\/strong>\u00a0<em>(coll\u00e9giens uniquement)<\/em><\/li>\n\n\n\n<li>\ud83c\udf93 Une\u00a0<strong>photocopie de la carte Pass\u2019R\u00e9gion<\/strong>\u00a0<em>(lyc\u00e9ens uniquement)<\/em><\/li>\n\n\n\n<li>\ud83d\udcb0 Le\u00a0<strong>paiement de la cotisation<\/strong>\u00a0: en\u00a0<strong>1 fois<\/strong>\u00a0ou jusqu\u2019\u00e0\u00a0<strong>4 fois maximum<\/strong><\/li>\n<\/ul>\n\n\n\n<hr class=\"wp-block-separator has-alpha-channel-opacity\"\/>\n\n\n\n<h3 class=\"wp-block-heading\">\u26a0\ufe0f&nbsp;<strong>Comp\u00e9titeurs \u2013 Informations sp\u00e9cifiques :<\/strong><\/h3>\n\n\n\n<ul class=\"wp-block-list\">\n<li>Le\u00a0<strong>passeport sportif est obligatoire<\/strong>,\u00a0<strong>tamponn\u00e9 par le m\u00e9decin<\/strong>\u00a0(page de validation annuelle)<\/li>\n\n\n\n<li>Un\u00a0<strong>certificat m\u00e9dical<\/strong>\u00a0de non contre-indication \u00e0 la pratique du taekwondo\u00a0<strong>en comp\u00e9tition<\/strong>\u00a0est \u00e9galement requis<\/li>\n<\/ul>\n\n\n\n<hr class=\"wp-block-separator has-alpha-channel-opacity\"\/>\n\n\n\n<p>Nous avons h\u00e2te de vous retrouver pour une nouvelle saison pleine&nbsp;<strong>d\u2019\u00e9nergie, de rigueur et de progr\u00e8s<\/strong>&nbsp;\ud83d\udcaa\ud83d\udc3e<\/p>\n\n\n\n<p><strong>Sportivement,<\/strong><br>L\u2019\u00e9quipe de&nbsp;<strong>Taekwondo L\u2019Isle d\u2019Abeau<\/strong><\/p>\n<\/div>\n<\/div>\n\n\n\n<p><\/p>\n","protected":false},"excerpt":{"rendered":"<p>NOUVELLE INSCRIPTION (2025-2026) R\u00c9-INSCRIPTION (2025-2026) \ud83d\udce3 Chers adh\u00e9rents, chers parents, Les&nbsp;r\u00e9inscriptions pour la saison 2025\u20132026&nbsp;sont d\u00e9sormais&nbsp;ouvertes&nbsp;! \u2705&nbsp;Si vous \u00eates d\u00e9j\u00e0 inscrit au club,&nbsp;pas besoin de remplir un nouveau dossier. Il suffit simplement de nous transmettre les pi\u00e8ces suivantes : \ud83d\uddc2\ufe0f&nbsp;Pi\u00e8ces \u00e0 fournir pour la r\u00e9inscription : \u26a0\ufe0f&nbsp;Comp\u00e9titeurs \u2013 Informations sp\u00e9cifiques : Nous avons h\u00e2te de &hellip; <\/p>\n<p class=\"link-more\"><a href=\"https:\/\/taekwondo-ida.fr\/index.php\/rentree-2022-2023\/\" class=\"more-link\">Lire la suite de<span class=\"screen-reader-text\">\u00ab\u00a0Rentr\u00e9e 2025-2026\u00a0\u00bb<\/span><\/a><\/p>\n","protected":false},"author":1,"featured_media":0,"parent":0,"menu_order":0,"comment_status":"closed","ping_status":"closed","template":"","meta":{"footnotes":""},"class_list":["post-36","page","type-page","status-publish","hentry"],"_links":{"self":[{"href":"https:\/\/taekwondo-ida.fr\/index.php\/wp-json\/wp\/v2\/pages\/36","targetHints":{"allow":["GET"]}}],"collection":[{"href":"https:\/\/taekwondo-ida.fr\/index.php\/wp-json\/wp\/v2\/pages"}],"about":[{"href":"https:\/\/taekwondo-ida.fr\/index.php\/wp-json\/wp\/v2\/types\/page"}],"author":[{"embeddable":true,"href":"https:\/\/taekwondo-ida.fr\/index.php\/wp-json\/wp\/v2\/users\/1"}],"replies":[{"embeddable":true,"href":"https:\/\/taekwondo-ida.fr\/index.php\/wp-json\/wp\/v2\/comments?post=36"}],"version-history":[{"count":16,"href":"https:\/\/taekwondo-ida.fr\/index.php\/wp-json\/wp\/v2\/pages\/36\/revisions"}],"predecessor-version":[{"id":1063,"href":"https:\/\/taekwondo-ida.fr\/index.php\/wp-json\/wp\/v2\/pages\/36\/revisions\/1063"}],"wp:attachment":[{"href":"https:\/\/taekwondo-ida.fr\/index.php\/wp-json\/wp\/v2\/media?parent=36"}],"curies":[{"name":"wp","href":"https:\/\/api.w.org\/{rel}","templated":true}]}}